{"id":1048,"date":"2023-11-20T08:23:08","date_gmt":"2023-11-20T08:23:08","guid":{"rendered":"https:\/\/www.omnia.com.gr\/a-propos-de\/"},"modified":"2023-11-20T08:23:10","modified_gmt":"2023-11-20T08:23:10","slug":"a-propos-de","status":"publish","type":"page","link":"https:\/\/www.omnia.com.gr\/fr\/a-propos-de\/","title":{"rendered":"\u00c0 propos de"},"content":{"rendered":"<div id='full_slider_1'  class='avia-fullwidth-slider main_color avia-shadow   avia-builder-el-0  el_before_av_layout_row  avia-builder-el-first   container_wrap fullsize'  ><div  class='avia-slideshow av-av_slideshow_full-eef13f9ac16262a43e6a30235c556765 avia-slideshow-extra_large av_slideshow_full avia-fade-slider av-slideshow-ui av-control-minimal av-slideshow-manual av-loop-once av-loop-manual-endless av-default-height-applied   avia-slideshow-1' data-slideshow-options=\"{&quot;animation&quot;:&quot;fade&quot;,&quot;autoplay&quot;:false,&quot;loop_autoplay&quot;:&quot;once&quot;,&quot;interval&quot;:5,&quot;loop_manual&quot;:&quot;manual-endless&quot;,&quot;autoplay_stopper&quot;:false,&quot;noNavigation&quot;:false,&quot;bg_slider&quot;:false,&quot;keep_padding&quot;:false,&quot;hoverpause&quot;:false,&quot;show_slide_delay&quot;:0}\"  itemprop=\"image\" itemscope=\"itemscope\" itemtype=\"https:\/\/schema.org\/ImageObject\" ><ul class='avia-slideshow-inner ' style='padding-bottom: 66.666666666667%;'><li  class='avia-slideshow-slide av-av_slideshow_full-eef13f9ac16262a43e6a30235c556765__0  slide-1 slide-odd'><div data-rel='slideshow-1' class='avia-slide-wrap '   ><img decoding=\"async\" fetchpriority=\"high\" class=\"wp-image-1050 avia-img-lazy-loading-not-1050\"  src=\"https:\/\/www.omnia.com.gr\/wp-content\/uploads\/2018\/01\/Omnia-DRZAWcl-1500x1000.jpg\" width=\"1500\" height=\"1000\" title='Omnia DRZAWcl' alt=''  itemprop=\"thumbnailUrl\" srcset=\"https:\/\/www.omnia.com.gr\/wp-content\/uploads\/2018\/01\/Omnia-DRZAWcl-1500x1000.jpg 1500w, https:\/\/www.omnia.com.gr\/wp-content\/uploads\/2018\/01\/Omnia-DRZAWcl-300x200.jpg 300w, https:\/\/www.omnia.com.gr\/wp-content\/uploads\/2018\/01\/Omnia-DRZAWcl-768x512.jpg 768w, https:\/\/www.omnia.com.gr\/wp-content\/uploads\/2018\/01\/Omnia-DRZAWcl-1030x687.jpg 1030w, https:\/\/www.omnia.com.gr\/wp-content\/uploads\/2018\/01\/Omnia-DRZAWcl-705x470.jpg 705w, https:\/\/www.omnia.com.gr\/wp-content\/uploads\/2018\/01\/Omnia-DRZAWcl-450x300.jpg 450w, https:\/\/www.omnia.com.gr\/wp-content\/uploads\/2018\/01\/Omnia-DRZAWcl.jpg 1920w\" sizes=\"(max-width: 1500px) 100vw, 1500px\" \/><\/div><\/li><li  class='avia-slideshow-slide av-av_slideshow_full-eef13f9ac16262a43e6a30235c556765__1  slide-2 slide-even'><div data-rel='slideshow-1' class='avia-slide-wrap '   ><img decoding=\"async\" fetchpriority=\"high\" class=\"wp-image-457 avia-img-lazy-loading-not-457\"  src=\"https:\/\/www.omnia.com.gr\/wp-content\/uploads\/2018\/01\/Omnia-RHbw-1500x628.jpg\" width=\"1500\" height=\"628\" title='Omnia RHbw' alt=''  itemprop=\"thumbnailUrl\" srcset=\"https:\/\/www.omnia.com.gr\/wp-content\/uploads\/2018\/01\/Omnia-RHbw-1500x628.jpg 1500w, https:\/\/www.omnia.com.gr\/wp-content\/uploads\/2018\/01\/Omnia-RHbw-300x126.jpg 300w, https:\/\/www.omnia.com.gr\/wp-content\/uploads\/2018\/01\/Omnia-RHbw-768x322.jpg 768w, https:\/\/www.omnia.com.gr\/wp-content\/uploads\/2018\/01\/Omnia-RHbw-1030x431.jpg 1030w, https:\/\/www.omnia.com.gr\/wp-content\/uploads\/2018\/01\/Omnia-RHbw-705x295.jpg 705w, https:\/\/www.omnia.com.gr\/wp-content\/uploads\/2018\/01\/Omnia-RHbw-450x188.jpg 450w, https:\/\/www.omnia.com.gr\/wp-content\/uploads\/2018\/01\/Omnia-RHbw.jpg 1600w\" sizes=\"(max-width: 1500px) 100vw, 1500px\" \/><\/div><\/li><\/ul><div class='avia-slideshow-arrows avia-slideshow-controls' ><a href='#prev' class='prev-slide  avia-svg-icon avia-font-svg_entypo-fontello' data-av_svg_icon='left-open-big' data-av_iconset='svg_entypo-fontello' tabindex='-1' title=\"Pr\u00e9c\u00e9dent\"><svg version=\"1.1\" xmlns=\"http:\/\/www.w3.org\/2000\/svg\" width=\"15\" height=\"32\" viewBox=\"0 0 15 32\" preserveAspectRatio=\"xMidYMid meet\" aria-labelledby='av-svg-title-1' aria-describedby='av-svg-desc-1' role=\"graphics-symbol\" aria-hidden=\"true\">\n<title id='av-svg-title-1'>Pr\u00e9c\u00e9dent<\/title>\n<desc id='av-svg-desc-1'>Pr\u00e9c\u00e9dent<\/desc>\n<path d=\"M14.464 27.84q0.832 0.832 0 1.536-0.832 0.832-1.536 0l-12.544-12.608q-0.768-0.768 0-1.6l12.544-12.608q0.704-0.832 1.536 0 0.832 0.704 0 1.536l-11.456 11.904z\"><\/path>\n<\/svg><span class='avia_hidden_link_text'>Pr\u00e9c\u00e9dent<\/span><\/a><a href='#next' class='next-slide  avia-svg-icon avia-font-svg_entypo-fontello' data-av_svg_icon='right-open-big' data-av_iconset='svg_entypo-fontello' tabindex='-1' title=\"Suivant\"><svg version=\"1.1\" xmlns=\"http:\/\/www.w3.org\/2000\/svg\" width=\"15\" height=\"32\" viewBox=\"0 0 15 32\" preserveAspectRatio=\"xMidYMid meet\" aria-labelledby='av-svg-title-2' aria-describedby='av-svg-desc-2' role=\"graphics-symbol\" aria-hidden=\"true\">\n<title id='av-svg-title-2'>Suivant<\/title>\n<desc id='av-svg-desc-2'>Suivant<\/desc>\n<path d=\"M0.416 27.84l11.456-11.84-11.456-11.904q-0.832-0.832 0-1.536 0.832-0.832 1.536 0l12.544 12.608q0.768 0.832 0 1.6l-12.544 12.608q-0.704 0.832-1.536 0-0.832-0.704 0-1.536z\"><\/path>\n<\/svg><span class='avia_hidden_link_text'>Suivant<\/span><\/a><\/div><div class='avia-slideshow-dots avia-slideshow-controls'><a href='#1' class='goto-slide active' >1<\/a><a href='#2' class='goto-slide ' >2<\/a><\/div><\/div><\/div>\n<div id='av-layout-grid-1'  class='av-layout-grid-container av-av_layout_row-44862bdf67ddfac6fa09da91f8f0e59b entry-content-wrapper main_color av-flex-cells  avia-builder-el-1  el_after_av_slideshow_full  el_before_av_section  grid-row-not-first  container_wrap fullsize'  >\n\n<style type=\"text\/css\" data-created_by=\"avia_inline_auto\" id=\"style-css-av-av_cell_one_third-e50991fd6d904191118d3671aa562f86\">\n.flex_cell.av-av_cell_one_third-e50991fd6d904191118d3671aa562f86{\nvertical-align:top;\n}\n.responsive #top #wrap_all .flex_cell.av-av_cell_one_third-e50991fd6d904191118d3671aa562f86{\npadding:30px 30px 30px 30px !important;\n}\n<\/style>\n<div class='flex_cell av-av_cell_one_third-e50991fd6d904191118d3671aa562f86 av-gridrow-cell av_one_third no_margin  avia-builder-el-2  el_before_av_cell_one_third  avia-builder-el-first  content-align-top'  ><div class='flex_cell_inner'><p>\n<style type=\"text\/css\" data-created_by=\"avia_inline_auto\" id=\"style-css-av-av_heading-3e0254f87212879f452af346cb0d6cf4\">\n#top .av-special-heading.av-av_heading-3e0254f87212879f452af346cb0d6cf4{\npadding-bottom:10px;\n}\nbody .av-special-heading.av-av_heading-3e0254f87212879f452af346cb0d6cf4 .av-special-heading-tag .heading-char{\nfont-size:25px;\n}\n.av-special-heading.av-av_heading-3e0254f87212879f452af346cb0d6cf4 .av-subheading{\nfont-size:15px;\n}\n<\/style>\n<div  class='av-special-heading av-av_heading-3e0254f87212879f452af346cb0d6cf4 av-special-heading-h3  avia-builder-el-3  el_before_av_textblock  avia-builder-el-first '><h3 class='av-special-heading-tag '  itemprop=\"headline\"  >Bienvenue chez Omnia !<\/h3><div class=\"special-heading-border\"><div class=\"special-heading-inner-border\"><\/div><\/div><\/div><br \/>\n<section  class='av_textblock_section av-av_textblock-d556719e4bd0501a579ec748fdae7d0e '   itemscope=\"itemscope\" itemtype=\"https:\/\/schema.org\/CreativeWork\" ><div class='avia_textblock'  itemprop=\"text\" ><p>Omnia est une \u00ab\u00a0famille\u00a0\u00bb cr\u00e9ative, o\u00f9 tous les artisans qui la composent aiment et respectent au maximum les mat\u00e9riaux et les techniques qu&rsquo;ils utilisent et dans lesquels ils se sp\u00e9cialisent.<\/p>\n<p>Nous entreprenons la cr\u00e9ation de pi\u00e8ces sur mesure, en fonction de votre envie, en gardant toujours \u00e0 l&rsquo;esprit le meilleur r\u00e9sultat possible.<\/p>\n<p>Les mat\u00e9riaux que nous utilisons principalement sont le m\u00e9tal, le bronze, l&rsquo;aluminium, le cuivre, le verre et le bois. Il n&rsquo;y a cependant pas de limite, car tout d\u00e9pend du cas et la construction est enti\u00e8rement adapt\u00e9e aux souhaits du client &#8211; la seule limite est votre imagination !<\/p>\n<\/div><\/section><\/p>\n<\/div><\/div>\n<style type=\"text\/css\" data-created_by=\"avia_inline_auto\" id=\"style-css-av-av_cell_one_third-ab032cefe129b34e8ada7951192ba2ac\">\n.flex_cell.av-av_cell_one_third-ab032cefe129b34e8ada7951192ba2ac{\nvertical-align:top;\nbackground-color:#f7f7f7;\n}\n.responsive #top #wrap_all .flex_cell.av-av_cell_one_third-ab032cefe129b34e8ada7951192ba2ac{\npadding:30px 30px 30px 30px !important;\n}\n<\/style>\n<div class='flex_cell av-av_cell_one_third-ab032cefe129b34e8ada7951192ba2ac av-gridrow-cell av_one_third no_margin  avia-builder-el-5  el_after_av_cell_one_third  el_before_av_cell_one_third  content-align-top'  ><div class='flex_cell_inner'><p>\n<style type=\"text\/css\" data-created_by=\"avia_inline_auto\" id=\"style-css-av-av_heading-688ec57ae03c82ca7cc748bfd8a19b1b\">\n#top .av-special-heading.av-av_heading-688ec57ae03c82ca7cc748bfd8a19b1b{\npadding-bottom:10px;\n}\nbody .av-special-heading.av-av_heading-688ec57ae03c82ca7cc748bfd8a19b1b .av-special-heading-tag .heading-char{\nfont-size:25px;\n}\n.av-special-heading.av-av_heading-688ec57ae03c82ca7cc748bfd8a19b1b .av-subheading{\nfont-size:15px;\n}\n<\/style>\n<div  class='av-special-heading av-av_heading-688ec57ae03c82ca7cc748bfd8a19b1b av-special-heading-h3  avia-builder-el-6  el_before_av_textblock  avia-builder-el-first '><h3 class='av-special-heading-tag '  itemprop=\"headline\"  >Notre mission<\/h3><div class=\"special-heading-border\"><div class=\"special-heading-inner-border\"><\/div><\/div><\/div><br \/>\n<section  class='av_textblock_section av-av_textblock-2de302bf1aa3cf4c9157dbe6f50ac7eb '   itemscope=\"itemscope\" itemtype=\"https:\/\/schema.org\/CreativeWork\" ><div class='avia_textblock'  itemprop=\"text\" ><p>Notre objectif principal est la satisfaction absolue du client et la r\u00e9alisation de la meilleure combinaison possible entre le caract\u00e8re unique qu&rsquo;offre une construction artisanale et la haute qualit\u00e9 qu&rsquo;offre notre exp\u00e9rience.<\/p>\n<\/div><\/section><\/p>\n<\/div><\/div>\n<style type=\"text\/css\" data-created_by=\"avia_inline_auto\" id=\"style-css-av-av_cell_one_third-a8d122f92d1f24609805db39e1635d7a\">\n.flex_cell.av-av_cell_one_third-a8d122f92d1f24609805db39e1635d7a{\nvertical-align:top;\nbackground-color:#eaeaea;\n}\n.responsive #top #wrap_all .flex_cell.av-av_cell_one_third-a8d122f92d1f24609805db39e1635d7a{\npadding:30px 30px 30px 30px !important;\n}\n<\/style>\n<div class='flex_cell av-av_cell_one_third-a8d122f92d1f24609805db39e1635d7a av-gridrow-cell av_one_third no_margin  avia-builder-el-8  el_after_av_cell_one_third  avia-builder-el-last  content-align-top'  ><div class='flex_cell_inner'><p>\n<style type=\"text\/css\" data-created_by=\"avia_inline_auto\" id=\"style-css-av-av_heading-539413a357ad489e648065cb86d37508\">\n#top .av-special-heading.av-av_heading-539413a357ad489e648065cb86d37508{\npadding-bottom:10px;\n}\nbody .av-special-heading.av-av_heading-539413a357ad489e648065cb86d37508 .av-special-heading-tag .heading-char{\nfont-size:25px;\n}\n.av-special-heading.av-av_heading-539413a357ad489e648065cb86d37508 .av-subheading{\nfont-size:15px;\n}\n<\/style>\n<div  class='av-special-heading av-av_heading-539413a357ad489e648065cb86d37508 av-special-heading-h3  avia-builder-el-9  el_before_av_textblock  avia-builder-el-first '><h3 class='av-special-heading-tag '  itemprop=\"headline\"  >Notre vision<\/h3><div class=\"special-heading-border\"><div class=\"special-heading-inner-border\"><\/div><\/div><\/div><br \/>\n<section  class='av_textblock_section av-av_textblock-2de302bf1aa3cf4c9157dbe6f50ac7eb '   itemscope=\"itemscope\" itemtype=\"https:\/\/schema.org\/CreativeWork\" ><div class='avia_textblock'  itemprop=\"text\" ><p>Notre vision est de pouvoir transmettre notre amour pour la construction sur mesure et de vous montrer le charme et la sensation r\u00e9confortante que procure une cr\u00e9ation \u00ab\u00a0faite main\u00a0\u00bb, \u00e0 travers l&rsquo;excellente qualit\u00e9 que nous proposons.<\/p>\n<\/div><\/section><\/p>\n<\/div><\/div><\/div>\n<style type=\"text\/css\" data-created_by=\"avia_inline_auto\" id=\"style-css-av-av_section-d98044fce8f31ce4b5b94e06bad3a935\">\n.avia-section.av-av_section-d98044fce8f31ce4b5b94e06bad3a935{\nbackground-color:#770000;\nbackground-image:unset;\n}\n.avia-section.av-av_section-d98044fce8f31ce4b5b94e06bad3a935 .av-extra-border-element .av-extra-border-inner{\nbackground-color:#770000;\n}\n<\/style>\n<div id='av_section_1'  class='avia-section av-av_section-d98044fce8f31ce4b5b94e06bad3a935 main_color avia-section-default avia-no-border-styling  avia-builder-el-11  el_after_av_layout_row  el_before_av_layout_row  avia-bg-style-scroll av-arrow-down-section container_wrap fullsize'  ><div class='container av-section-cont-open' ><div class='template-page content  av-content-full alpha units'><div class='post-entry post-entry-type-page post-entry-1048'><div class='entry-content-wrapper clearfix'>\n<div  class='flex_column av-av_one_fourth-2a9015ff38129c418a3f2eafba3e9512 av_one_fourth  avia-builder-el-12  el_before_av_one_fourth  avia-builder-el-first  first flex_column_div  '     ><div  class=\"avia-animated-number av-av_animated_numbers-17e6e8b061406dd0fc6805c1202fa67d av-force-default-color avia_animate_when_visible  avia-builder-el-13  avia-builder-el-no-sibling  avia-color-font-light \" data-timer=\"3000\"><strong class=\"heading avia-animated-number-title\"><span class=\"avia-single-number __av-single-number\" data-number_format=\"\" data-number=\"97\" data-start_from=\"0\">97<\/span><\/strong><div class=\"avia-animated-number-content\"><p>Clients satisfaits<\/p>\n<\/div><\/div><\/div>\n<style type=\"text\/css\" data-created_by=\"avia_inline_auto\" id=\"style-css-av-av_one_fourth-c8fc129dc35fd1ae2a1e410224d39ea8\">\n.flex_column.av-av_one_fourth-c8fc129dc35fd1ae2a1e410224d39ea8{\nborder-radius:0px 0px 0px 0px;\npadding:0px 0px 0px 0px;\n}\n<\/style>\n<div  class='flex_column av-av_one_fourth-c8fc129dc35fd1ae2a1e410224d39ea8 av_one_fourth  avia-builder-el-14  el_after_av_one_fourth  el_before_av_one_fourth  flex_column_div av-zero-column-padding  '     ><div  class=\"avia-animated-number av-av_animated_numbers-a7cf4a78755140b13400138d88a1caa4 av-force-default-color avia_animate_when_visible  avia-builder-el-15  avia-builder-el-no-sibling  avia-color-font-light \" data-timer=\"3000\"><strong class=\"heading avia-animated-number-title\"><span class=\"avia-single-number __av-single-number\" data-number_format=\"\" data-number=\"12000\" data-start_from=\"0\">12000<\/span><\/strong><div class=\"avia-animated-number-content\"><p>Heures de travail<\/p>\n<\/div><\/div><\/div>\n<style type=\"text\/css\" data-created_by=\"avia_inline_auto\" id=\"style-css-av-av_one_fourth-c8fc129dc35fd1ae2a1e410224d39ea8\">\n.flex_column.av-av_one_fourth-c8fc129dc35fd1ae2a1e410224d39ea8{\nborder-radius:0px 0px 0px 0px;\npadding:0px 0px 0px 0px;\n}\n<\/style>\n<div  class='flex_column av-av_one_fourth-c8fc129dc35fd1ae2a1e410224d39ea8 av_one_fourth  avia-builder-el-16  el_after_av_one_fourth  el_before_av_one_fourth  flex_column_div av-zero-column-padding  '     ><div  class=\"avia-animated-number av-av_animated_numbers-896b5b343f4937f0fbe1538e7965014b av-force-default-color avia_animate_when_visible  avia-builder-el-17  avia-builder-el-no-sibling  avia-color-font-light \" data-timer=\"3000\"><strong class=\"heading avia-animated-number-title\"><span class=\"avia-single-number __av-single-number\" data-number_format=\"\" data-number=\"65000\" data-start_from=\"0\">65000<\/span><\/strong><div class=\"avia-animated-number-content\"><p>Forge de fer<\/p>\n<\/div><\/div><\/div>\n<style type=\"text\/css\" data-created_by=\"avia_inline_auto\" id=\"style-css-av-av_one_fourth-c8fc129dc35fd1ae2a1e410224d39ea8\">\n.flex_column.av-av_one_fourth-c8fc129dc35fd1ae2a1e410224d39ea8{\nborder-radius:0px 0px 0px 0px;\npadding:0px 0px 0px 0px;\n}\n<\/style>\n<div  class='flex_column av-av_one_fourth-c8fc129dc35fd1ae2a1e410224d39ea8 av_one_fourth  avia-builder-el-18  el_after_av_one_fourth  avia-builder-el-last  flex_column_div av-zero-column-padding  '     ><div  class=\"avia-animated-number av-av_animated_numbers-2b4893705e89f83a75467b9b4103eac3 av-force-default-color avia_animate_when_visible  avia-builder-el-19  avia-builder-el-no-sibling  avia-color-font-light \" data-timer=\"3000\"><strong class=\"heading avia-animated-number-title\"><span class=\"avia-single-number __av-single-number\" data-number_format=\"\" data-number=\"214\" data-start_from=\"0\">214<\/span><\/strong><div class=\"avia-animated-number-content\"><p>Projets achev\u00e9s<\/p>\n<\/div><\/div><\/div>\n<\/p>\n<\/div><\/div><\/div><!-- close content main div --><\/div><div class='av-extra-border-element border-extra-arrow-down'><div class='av-extra-border-outer'><div class='av-extra-border-inner'><\/div><\/div><\/div><\/div><div id='av-layout-grid-2'  class='av-layout-grid-container av-av_layout_row-000014bbaf6dd6ec1745b2dd8360cb6f entry-content-wrapper main_color av-flex-cells  avia-builder-el-20  el_after_av_section  el_before_av_layout_row  grid-row-not-first  container_wrap fullsize'  >\n\n<style type=\"text\/css\" data-created_by=\"avia_inline_auto\" id=\"style-css-av-av_cell_one_half-f9369954150aad72d421b23a2405bb30\">\n.flex_cell.av-av_cell_one_half-f9369954150aad72d421b23a2405bb30{\nvertical-align:top;\nheight:400px;\nmin-height:400px;\nbackground:url(https:\/\/www.omnia.com.gr\/wp-content\/uploads\/2018\/01\/Omnia-BSbw.jpg) 50% 50% no-repeat scroll ;\n}\n.responsive #top #wrap_all .flex_cell.av-av_cell_one_half-f9369954150aad72d421b23a2405bb30{\npadding:30px 30px 30px 30px !important;\n}\n<\/style>\n<div class='flex_cell av-av_cell_one_half-f9369954150aad72d421b23a2405bb30 av-gridrow-cell av_one_half no_margin  avia-builder-el-21  el_before_av_cell_one_half  avia-builder-el-first  content-align-top avia-full-stretch'  ><div class='flex_cell_inner'><\/div><\/div>\n<style type=\"text\/css\" data-created_by=\"avia_inline_auto\" id=\"style-css-av-av_cell_one_half-68ab6ac3fe8d992845949673ce45e94e\">\n.flex_cell.av-av_cell_one_half-68ab6ac3fe8d992845949673ce45e94e{\nvertical-align:top;\nheight:400px;\nmin-height:400px;\nbackground:url(https:\/\/www.omnia.com.gr\/wp-content\/uploads\/2018\/01\/Omnia-RHbw.jpg) 50% 50% no-repeat scroll ;\n}\n.responsive #top #wrap_all .flex_cell.av-av_cell_one_half-68ab6ac3fe8d992845949673ce45e94e{\npadding:30px 30px 30px 30px !important;\n}\n<\/style>\n<div class='flex_cell av-av_cell_one_half-68ab6ac3fe8d992845949673ce45e94e av-gridrow-cell av_one_half no_margin  avia-builder-el-22  el_after_av_cell_one_half  avia-builder-el-last  content-align-top avia-full-stretch'  ><div class='flex_cell_inner'><\/div><\/div>\n<\/div>\n<div id='av-layout-grid-3'  class='av-layout-grid-container av-av_layout_row-44862bdf67ddfac6fa09da91f8f0e59b entry-content-wrapper main_color av-flex-cells  avia-builder-el-23  el_after_av_layout_row  avia-builder-el-last  grid-row-not-first  container_wrap fullsize'  >\n\n<style type=\"text\/css\" data-created_by=\"avia_inline_auto\" id=\"style-css-av-av_cell_one_half-6732929dc6d3841cc208166e1a037cea\">\n.flex_cell.av-av_cell_one_half-6732929dc6d3841cc208166e1a037cea{\nvertical-align:top;\n}\n.responsive #top #wrap_all .flex_cell.av-av_cell_one_half-6732929dc6d3841cc208166e1a037cea{\npadding:40px 40px 40px 40px !important;\n}\n<\/style>\n<div class='flex_cell av-av_cell_one_half-6732929dc6d3841cc208166e1a037cea av-gridrow-cell av_one_half no_margin  avia-builder-el-24  el_before_av_cell_one_half  avia-builder-el-first  content-align-top'  ><div class='flex_cell_inner'><p>\n<style type=\"text\/css\" data-created_by=\"avia_inline_auto\" id=\"style-css-av-av_heading-d8cd7d4939ecaaabdb06a87104a702c9\">\n#top .av-special-heading.av-av_heading-d8cd7d4939ecaaabdb06a87104a702c9{\npadding-bottom:10px;\n}\nbody .av-special-heading.av-av_heading-d8cd7d4939ecaaabdb06a87104a702c9 .av-special-heading-tag .heading-char{\nfont-size:25px;\n}\n.av-special-heading.av-av_heading-d8cd7d4939ecaaabdb06a87104a702c9 .av-subheading{\nfont-size:15px;\n}\n<\/style>\n<div  class='av-special-heading av-av_heading-d8cd7d4939ecaaabdb06a87104a702c9 av-special-heading-h3  avia-builder-el-25  el_before_av_textblock  avia-builder-el-first '><h3 class='av-special-heading-tag '  itemprop=\"headline\"  >Produits et applications de conception personnalis\u00e9e<\/h3><div class=\"special-heading-border\"><div class=\"special-heading-inner-border\"><\/div><\/div><\/div><br \/>\n<section  class='av_textblock_section av-av_textblock-d556719e4bd0501a579ec748fdae7d0e '   itemscope=\"itemscope\" itemtype=\"https:\/\/schema.org\/CreativeWork\" ><div class='avia_textblock'  itemprop=\"text\" ><p>Nous vous invitons \u00e0 d\u00e9couvrir par vous-m\u00eames le monde Omnia et \u00e0 nous faire confiance pour cr\u00e9er les pi\u00e8ces que vous avez toujours eu en t\u00eate et que vous n\u2019avez pas encore r\u00e9alis\u00e9es.<\/p>\n<\/div><\/section><\/p>\n<\/div><\/div>\n<style type=\"text\/css\" data-created_by=\"avia_inline_auto\" id=\"style-css-av-av_cell_one_half-f2af42ae92ec5707263e60fdf504bcc6\">\n.flex_cell.av-av_cell_one_half-f2af42ae92ec5707263e60fdf504bcc6{\nvertical-align:top;\nbackground-color:#f7f7f7;\n}\n.responsive #top #wrap_all .flex_cell.av-av_cell_one_half-f2af42ae92ec5707263e60fdf504bcc6{\npadding:40px 40px 40px 40px !important;\n}\n<\/style>\n<div class='flex_cell av-av_cell_one_half-f2af42ae92ec5707263e60fdf504bcc6 av-gridrow-cell av_one_half no_margin  avia-builder-el-27  el_after_av_cell_one_half  avia-builder-el-last  content-align-top'  ><div class='flex_cell_inner'><p>\n<style type=\"text\/css\" data-created_by=\"avia_inline_auto\" id=\"style-css-av-av_heading-1c12adcd56713e73cda1e40a3b02b94c\">\n#top .av-special-heading.av-av_heading-1c12adcd56713e73cda1e40a3b02b94c{\npadding-bottom:10px;\n}\nbody .av-special-heading.av-av_heading-1c12adcd56713e73cda1e40a3b02b94c .av-special-heading-tag .heading-char{\nfont-size:25px;\n}\n.av-special-heading.av-av_heading-1c12adcd56713e73cda1e40a3b02b94c .av-subheading{\nfont-size:15px;\n}\n<\/style>\n<div  class='av-special-heading av-av_heading-1c12adcd56713e73cda1e40a3b02b94c av-special-heading-h3  avia-builder-el-28  el_before_av_textblock  avia-builder-el-first '><h3 class='av-special-heading-tag '  itemprop=\"headline\"  >Solutions int\u00e9gr\u00e9es uniques<\/h3><div class=\"special-heading-border\"><div class=\"special-heading-inner-border\"><\/div><\/div><\/div><br \/>\n<section  class='av_textblock_section av-av_textblock-2de302bf1aa3cf4c9157dbe6f50ac7eb '   itemscope=\"itemscope\" itemtype=\"https:\/\/schema.org\/CreativeWork\" ><div class='avia_textblock'  itemprop=\"text\" ><p>Faites-nous part de votre id\u00e9e et nous la r\u00e9aliserons, en utilisant exclusivement des mat\u00e9riaux de premi\u00e8re qualit\u00e9 et en profitant de notre cr\u00e9ativit\u00e9, de notre exp\u00e9rience et de notre savoir-faire pour obtenir un excellent r\u00e9sultat !<\/p>\n<\/div><\/section><\/p>\n<\/div><\/div><\/div>\n","protected":false},"excerpt":{"rendered":"","protected":false},"author":1,"featured_media":0,"parent":0,"menu_order":0,"comment_status":"open","ping_status":"closed","template":"","meta":{"footnotes":""},"class_list":["post-1048","page","type-page","status-publish","hentry"],"_links":{"self":[{"href":"https:\/\/www.omnia.com.gr\/fr\/wp-json\/wp\/v2\/pages\/1048","targetHints":{"allow":["GET"]}}],"collection":[{"href":"https:\/\/www.omnia.com.gr\/fr\/wp-json\/wp\/v2\/pages"}],"about":[{"href":"https:\/\/www.omnia.com.gr\/fr\/wp-json\/wp\/v2\/types\/page"}],"author":[{"embeddable":true,"href":"https:\/\/www.omnia.com.gr\/fr\/wp-json\/wp\/v2\/users\/1"}],"replies":[{"embeddable":true,"href":"https:\/\/www.omnia.com.gr\/fr\/wp-json\/wp\/v2\/comments?post=1048"}],"version-history":[{"count":2,"href":"https:\/\/www.omnia.com.gr\/fr\/wp-json\/wp\/v2\/pages\/1048\/revisions"}],"predecessor-version":[{"id":1052,"href":"https:\/\/www.omnia.com.gr\/fr\/wp-json\/wp\/v2\/pages\/1048\/revisions\/1052"}],"wp:attachment":[{"href":"https:\/\/www.omnia.com.gr\/fr\/wp-json\/wp\/v2\/media?parent=1048"}],"curies":[{"name":"wp","href":"https:\/\/api.w.org\/{rel}","templated":true}]}}