{"id":1053,"date":"2023-11-20T08:28:29","date_gmt":"2023-11-20T08:28:29","guid":{"rendered":"https:\/\/www.omnia.com.gr\/contacter\/"},"modified":"2023-12-18T09:11:22","modified_gmt":"2023-12-18T09:11:22","slug":"contacter","status":"publish","type":"page","link":"https:\/\/www.omnia.com.gr\/fr\/contacter\/","title":{"rendered":"Contacter"},"content":{"rendered":"<div id='fullwidthmap' aria-label='avia_google_maps-6' class='avia-section av-lf1pybik-d95f982328c0d6765e510b8876ae62cd main_color avia-section-default avia-no-border-styling  avia-builder-el-0  el_before_av_layout_row  avia-builder-el-first  avia_google_maps-6 avia-bg-style-scroll container_wrap fullsize'  ><div class='container av-section-cont-open' ><main  role=\"main\" itemprop=\"mainContentOfPage\"  class='template-page content  av-content-full alpha units'><div class='post-entry post-entry-type-page post-entry-1053'><div class='entry-content-wrapper clearfix'>\n\n\n<\/div><\/div><\/main><!-- close content main element --><\/div><\/div><div id='av-layout-grid-1'  class='av-layout-grid-container av-gfqpv-ce7d2c08ba6d9a1d01bdca07145f89fc entry-content-wrapper main_color av-flex-cells  avia-builder-el-2  el_after_av_section  avia-builder-el-last  grid-row-not-first  container_wrap fullsize'  >\n\n<style type=\"text\/css\" data-created_by=\"avia_inline_auto\" id=\"style-css-av-1kjcv-947e923109ff03a9c11bd227d846206d\">\n.flex_cell.av-1kjcv-947e923109ff03a9c11bd227d846206d{\nvertical-align:top;\n}\n.responsive #top #wrap_all .flex_cell.av-1kjcv-947e923109ff03a9c11bd227d846206d{\npadding:30px 30px 30px 30px !important;\n}\n<\/style>\n<div class='flex_cell av-1kjcv-947e923109ff03a9c11bd227d846206d av-gridrow-cell av_one_half no_margin  avia-builder-el-3  el_before_av_cell_one_half  avia-builder-el-first  content-align-top'  ><div class='flex_cell_inner'><p>\n<style type=\"text\/css\" data-created_by=\"avia_inline_auto\" id=\"style-css-av-fcjzr-31adb6b41ca3f763bf195adf14240970\">\n#top .av-special-heading.av-fcjzr-31adb6b41ca3f763bf195adf14240970{\npadding-bottom:10px;\n}\nbody .av-special-heading.av-fcjzr-31adb6b41ca3f763bf195adf14240970 .av-special-heading-tag .heading-char{\nfont-size:25px;\n}\n.av-special-heading.av-fcjzr-31adb6b41ca3f763bf195adf14240970 .av-subheading{\nfont-size:15px;\n}\n<\/style>\n<div  class='av-special-heading av-fcjzr-31adb6b41ca3f763bf195adf14240970 av-special-heading-h3  avia-builder-el-4  el_before_av_contact  avia-builder-el-first '><h3 class='av-special-heading-tag '  itemprop=\"headline\"  >Entrer en contact<\/h3><div class=\"special-heading-border\"><div class=\"special-heading-inner-border\"><\/div><\/div><\/div><br \/>\n<form action=\"https:\/\/www.omnia.com.gr\/fr\/contacter\/\" method=\"post\" data-fields-with-error=\"Erreurs trouv\u00e9es dans les champs suivants :\" class=\"avia_ajax_form av-form-labels-visible   avia-builder-el-5  el_after_av_heading  avia-builder-el-last   \" data-avia-form-id=\"1\" data-avia-redirect='' ><fieldset><p class='  first_form  form_element form_element_half' id='element_avia_1_1'><label for=\"avia_1_1\">Nom <abbr class=\"required\" title=\"requis(e)\">*<\/abbr><\/label> <input name=\"avia_1_1\" class=\"text_input is_empty\" type=\"text\" id=\"avia_1_1\" value=\"\" \/><\/p><p class='  form_element form_element_half' id='element_avia_2_1'><label for=\"avia_2_1\">Pr\u00e9nom <abbr class=\"required\" title=\"requis(e)\">*<\/abbr><\/label> <input name=\"avia_2_1\" class=\"text_input is_empty\" type=\"text\" id=\"avia_2_1\" value=\"\" \/><\/p><p class='  first_form  form_element form_element_half' id='element_avia_3_1'><label for=\"avia_3_1\">Titre de l\u2019entreprise <abbr class=\"required\" title=\"requis(e)\">*<\/abbr><\/label> <input name=\"avia_3_1\" class=\"text_input is_empty\" type=\"text\" id=\"avia_3_1\" value=\"\" \/><\/p><p class='  form_element form_element_half' id='element_avia_4_1'><label for=\"avia_4_1\">Pays <abbr class=\"required\" title=\"requis(e)\">*<\/abbr><\/label> <input name=\"avia_4_1\" class=\"text_input is_empty\" type=\"text\" id=\"avia_4_1\" value=\"\" \/><\/p><p class='  first_form  form_element form_element_half' id='element_avia_5_1'><label for=\"avia_5_1\">E-Mail <abbr class=\"required\" title=\"requis(e)\">*<\/abbr><\/label> <input name=\"avia_5_1\" class=\"text_input is_email\" type=\"text\" id=\"avia_5_1\" value=\"\" \/><\/p><p class='  form_element form_element_half' id='element_avia_6_1'><label for=\"avia_6_1\">t\u00e9l\u00e9phone <abbr class=\"required\" title=\"requis(e)\">*<\/abbr><\/label> <input name=\"avia_6_1\" class=\"text_input is_empty\" type=\"text\" id=\"avia_6_1\" value=\"\" \/><\/p><p class='  first_form  form_element form_fullwidth' id='element_avia_7_1'><label for=\"avia_7_1\">Sujet <abbr class=\"required\" title=\"requis(e)\">*<\/abbr><\/label> <input name=\"avia_7_1\" class=\"text_input is_empty\" type=\"text\" id=\"avia_7_1\" value=\"\" \/><\/p><p class='  first_form  form_element form_fullwidth' id='element_avia_8_1'><label for=\"avia_8_1\" class=\"textare_label hidden textare_label_avia_8_1\">Message <abbr class=\"required\" title=\"requis(e)\">*<\/abbr><\/label><textarea  name=\"avia_8_1\" class=\"text_area is_empty\" cols=\"40\" rows=\"7\" id=\"avia_8_1\" ><\/textarea><\/p><p class=\"hidden\"><input type=\"text\" name=\"avia_9_1\" class=\"hidden \" id=\"avia_9_1\" value=\"\" \/><\/p><p class='   form_element form_fullwidth' id='element_avia_10_1'><span class='value_verifier_label'>0 + 4 = ?<\/span><input name=\"avia_10_1_verifier\" type=\"hidden\" id=\"avia_10_1_verifier\" value=\"874644164\"\/><label for=\"avia_10_1\">Merci de prouver que vous \u00eates un humain en donnant le r\u00e9sultat de cette op\u00e9ration <abbr class=\"required\" title=\"requis(e)\">*<\/abbr><\/label><input name=\"avia_10_1\" class=\"text_input captcha\" type=\"text\" id=\"avia_10_1\" value=\"\"\/><\/p><p class=\"form_element \"><input type=\"hidden\" value=\"1\" name=\"avia_generated_form1\" \/><input type=\"submit\" value=\"Soumettre\" class=\"button\"  data-sending-label=\"Envoi\"\/><\/p><\/fieldset><\/form><div id=\"ajaxresponse_1\" class=\"ajaxresponse ajaxresponse_1 hidden\"><\/div><\/p>\n<\/div><\/div>\n<style type=\"text\/css\" data-created_by=\"avia_inline_auto\" id=\"style-css-av-16fpv-0e09d3130e5f23199596948b9e30e3e1\">\n.flex_cell.av-16fpv-0e09d3130e5f23199596948b9e30e3e1{\nvertical-align:top;\n}\n.responsive #top #wrap_all .flex_cell.av-16fpv-0e09d3130e5f23199596948b9e30e3e1{\npadding:30px 30px 30px 30px !important;\n}\n<\/style>\n<div class='flex_cell av-16fpv-0e09d3130e5f23199596948b9e30e3e1 av-gridrow-cell av_one_half no_margin  avia-builder-el-6  el_after_av_cell_one_half  avia-builder-el-last  content-align-top'  ><div class='flex_cell_inner'><p>\n<style type=\"text\/css\" data-created_by=\"avia_inline_auto\" id=\"style-css-av-asecj-510f19d82eb40382a7b25687cc08c019\">\n#top .av-special-heading.av-asecj-510f19d82eb40382a7b25687cc08c019{\npadding-bottom:10px;\n}\nbody .av-special-heading.av-asecj-510f19d82eb40382a7b25687cc08c019 .av-special-heading-tag .heading-char{\nfont-size:25px;\n}\n.av-special-heading.av-asecj-510f19d82eb40382a7b25687cc08c019 .av-subheading{\nfont-size:15px;\n}\n<\/style>\n<div  class='av-special-heading av-asecj-510f19d82eb40382a7b25687cc08c019 av-special-heading-h3  avia-builder-el-7  el_before_av_hr  avia-builder-el-first '><h3 class='av-special-heading-tag '  itemprop=\"headline\"  >N\u2019h\u00e9sitez pas \u00e0 nous contacter!<\/h3><div class=\"special-heading-border\"><div class=\"special-heading-inner-border\"><\/div><\/div><\/div><br \/>\n\n<style type=\"text\/css\" data-created_by=\"avia_inline_auto\" id=\"style-css-av-aij3n-4e2a233bf8a9a05c6387821d4905c9fa\">\n#top .hr.hr-invisible.av-aij3n-4e2a233bf8a9a05c6387821d4905c9fa{\nheight:40px;\n}\n<\/style>\n<div  class='hr av-aij3n-4e2a233bf8a9a05c6387821d4905c9fa hr-invisible  avia-builder-el-8  el_after_av_heading  el_before_av_textblock '><span class='hr-inner '><span class=\"hr-inner-style\"><\/span><\/span><\/div><br \/>\n<section  class='av_textblock_section av-9yo4r-32a9ceceb61b6417e98a9f55108f54dd '   itemscope=\"itemscope\" itemtype=\"https:\/\/schema.org\/CreativeWork\" ><div class='avia_textblock'  itemprop=\"text\" ><p>Omnia, produits et applications de conception personnalis\u00e9s<\/p>\n<\/div><\/section><br \/>\n\n<style type=\"text\/css\" data-created_by=\"avia_inline_auto\" id=\"style-css-av-94fxr-04e46d5b708a672fb6a294284773dbc0\">\n#top .hr.hr-invisible.av-94fxr-04e46d5b708a672fb6a294284773dbc0{\nheight:10px;\n}\n<\/style>\n<div  class='hr av-94fxr-04e46d5b708a672fb6a294284773dbc0 hr-invisible  avia-builder-el-10  el_after_av_textblock  el_before_av_textblock '><span class='hr-inner '><span class=\"hr-inner-style\"><\/span><\/span><\/div><br \/>\n<section  class='av_textblock_section av-8oisf-987c5f9e733a80c9c8a8598987435653 '   itemscope=\"itemscope\" itemtype=\"https:\/\/schema.org\/CreativeWork\" ><div class='avia_textblock'  itemprop=\"text\" >\n<style type=\"text\/css\" data-created_by=\"avia_inline_auto\" id=\"style-css-av-7z9rf-5c78726b56510a6ba4ee6bfc60787565\">\n.av_font_icon.av-7z9rf-5c78726b56510a6ba4ee6bfc60787565 .av-icon-char{\nfont-size:30px;\nline-height:30px;\n}\n<\/style>\n<span  class='av_font_icon av-7z9rf-5c78726b56510a6ba4ee6bfc60787565 avia_animate_when_visible av-icon-style- avia-icon-pos-left avia-iconfont avia-font-entypo-fontello av-no-color avia-icon-animate'><span class='av-icon-char' data-av_icon='\ue805' data-av_iconfont='entypo-fontello' aria-hidden=\"true\" ><\/span><\/span>\n<p>info@omnia.com.gr<\/p>\n<\/div><\/section><br \/>\n\n<style type=\"text\/css\" data-created_by=\"avia_inline_auto\" id=\"style-css-av-7ojf3-b71b46820346996b54e645c3d5bfb7eb\">\n#top .hr.hr-invisible.av-7ojf3-b71b46820346996b54e645c3d5bfb7eb{\nheight:10px;\n}\n<\/style>\n<div  class='hr av-7ojf3-b71b46820346996b54e645c3d5bfb7eb hr-invisible  avia-builder-el-13  el_after_av_textblock  el_before_av_textblock '><span class='hr-inner '><span class=\"hr-inner-style\"><\/span><\/span><\/div><br \/>\n<section  class='av_textblock_section av-6sw7z-67f966453caa79aa6c35d694dd110052 '   itemscope=\"itemscope\" itemtype=\"https:\/\/schema.org\/CreativeWork\" ><div class='avia_textblock'  itemprop=\"text\" >\n<style type=\"text\/css\" data-created_by=\"avia_inline_auto\" id=\"style-css-av-66xmv-e81c7ab9b5664c397efc0c9448693106\">\n.av_font_icon.av-66xmv-e81c7ab9b5664c397efc0c9448693106 .av-icon-char{\nfont-size:30px;\nline-height:30px;\n}\n<\/style>\n<span  class='av_font_icon av-66xmv-e81c7ab9b5664c397efc0c9448693106 avia_animate_when_visible av-icon-style- avia-icon-pos-left avia-iconfont avia-font-entypo-fontello av-no-color avia-icon-animate'><span class='av-icon-char' data-av_icon='\ue841' data-av_iconfont='entypo-fontello' aria-hidden=\"true\" ><\/span><\/span>\n<p>Kolonou 1, Perist\u00e9ri, 12131<br \/>\nAth\u00e8nes, Gr\u00e8ce<\/p>\n<\/div><\/section><br \/>\n\n<style type=\"text\/css\" data-created_by=\"avia_inline_auto\" id=\"style-css-av-5wjen-6ae0ff80dfd69c87b865804e59617209\">\n#top .hr.hr-invisible.av-5wjen-6ae0ff80dfd69c87b865804e59617209{\nheight:10px;\n}\n<\/style>\n<div  class='hr av-5wjen-6ae0ff80dfd69c87b865804e59617209 hr-invisible  avia-builder-el-16  el_after_av_textblock  el_before_av_textblock '><span class='hr-inner '><span class=\"hr-inner-style\"><\/span><\/span><\/div><br \/>\n<section  class='av_textblock_section av-4xrpj-25eff98ad1778b38824b508bd482ea17 '   itemscope=\"itemscope\" itemtype=\"https:\/\/schema.org\/CreativeWork\" ><div class='avia_textblock'  itemprop=\"text\" >\n<style type=\"text\/css\" data-created_by=\"avia_inline_auto\" id=\"style-css-av-4olgn-6d82695705b38cbd18ab6c1ec48edc83\">\n.av_font_icon.av-4olgn-6d82695705b38cbd18ab6c1ec48edc83 .av-icon-char{\nfont-size:30px;\nline-height:30px;\n}\n<\/style>\n<span  class='av_font_icon av-4olgn-6d82695705b38cbd18ab6c1ec48edc83 avia_animate_when_visible av-icon-style- avia-icon-pos-left avia-iconfont avia-font-entypo-fontello av-no-color avia-icon-animate'><span class='av-icon-char' data-av_icon='\ue854' data-av_iconfont='entypo-fontello' aria-hidden=\"true\" ><\/span><\/span>\n<div>+30 2105736497<\/div>\n<div><\/div>\n<\/div><\/section><br \/>\n\n<style type=\"text\/css\" data-created_by=\"avia_inline_auto\" id=\"style-css-av-3v4tb-542d5561f94bc594c384e7a3e6f6772c\">\n#top .hr.hr-invisible.av-3v4tb-542d5561f94bc594c384e7a3e6f6772c{\nheight:10px;\n}\n<\/style>\n<div  class='hr av-3v4tb-542d5561f94bc594c384e7a3e6f6772c hr-invisible  avia-builder-el-19  el_after_av_textblock  el_before_av_textblock '><span class='hr-inner '><span class=\"hr-inner-style\"><\/span><\/span><\/div><br \/>\n<section  class='av_textblock_section av-36ipb-5536f3cf0c42ff5221ebf12445463482 '   itemscope=\"itemscope\" itemtype=\"https:\/\/schema.org\/CreativeWork\" ><div class='avia_textblock'  itemprop=\"text\" >\n<style type=\"text\/css\" data-created_by=\"avia_inline_auto\" id=\"style-css-av-2ubyv-97788fc5629b9c42ec9e329417c9b205\">\n.av_font_icon.av-2ubyv-97788fc5629b9c42ec9e329417c9b205 .av-icon-char{\nfont-size:30px;\nline-height:30px;\n}\n<\/style>\n<span  class='av_font_icon av-2ubyv-97788fc5629b9c42ec9e329417c9b205 avia_animate_when_visible av-icon-style- avia-icon-pos-left avia-iconfont avia-font-entypo-fontello av-no-color avia-icon-animate'><a href='https:\/\/www.facebook.com\/omniaantoniskonstantonis\/'   class='av-icon-char' data-av_icon='\ue8f4' data-av_iconfont='entypo-fontello' aria-hidden=\"false\" ><\/a><\/span>\n<p><b>Facebook Omnia<\/b><strong>\u00a0<\/strong><\/p>\n<\/div><\/section><br \/>\n\n<style type=\"text\/css\" data-created_by=\"avia_inline_auto\" id=\"style-css-av-1zaar-72cb030abd59fee555112d862310b7fa\">\n#top .hr.hr-invisible.av-1zaar-72cb030abd59fee555112d862310b7fa{\nheight:10px;\n}\n<\/style>\n<div  class='hr av-1zaar-72cb030abd59fee555112d862310b7fa hr-invisible  avia-builder-el-22  el_after_av_textblock  el_before_av_textblock '><span class='hr-inner '><span class=\"hr-inner-style\"><\/span><\/span><\/div><br \/>\n<section  class='av_textblock_section av-1c7l7-1b98ad94144f8522e3d2a9d0a98265eb '   itemscope=\"itemscope\" itemtype=\"https:\/\/schema.org\/CreativeWork\" ><div class='avia_textblock'  itemprop=\"text\" >\n<style type=\"text\/css\" data-created_by=\"avia_inline_auto\" id=\"style-css-av-12a9b-13a4636f438deecacfb6f8525799141c\">\n.av_font_icon.av-12a9b-13a4636f438deecacfb6f8525799141c .av-icon-char{\nfont-size:30px;\nline-height:30px;\n}\n<\/style>\n<span  class='av_font_icon av-12a9b-13a4636f438deecacfb6f8525799141c avia_animate_when_visible av-icon-style- avia-icon-pos-left avia-iconfont avia-font-entypo-fontello av-no-color avia-icon-animate'><a href='https:\/\/www.instagram.com\/omnia_antoniskonstantonis\/'   class='av-icon-char' data-av_icon='\ue909' data-av_iconfont='entypo-fontello' aria-hidden=\"false\" ><\/a><\/span>\n<p><b>Instagram Omnia<\/b><strong>\u00a0<\/strong><\/p>\n<\/div><\/section><\/p>\n<\/div><\/div><\/div>\n","protected":false},"excerpt":{"rendered":"","protected":false},"author":1,"featured_media":0,"parent":0,"menu_order":0,"comment_status":"open","ping_status":"closed","template":"","meta":{"footnotes":""},"class_list":["post-1053","page","type-page","status-publish","hentry"],"_links":{"self":[{"href":"https:\/\/www.omnia.com.gr\/fr\/wp-json\/wp\/v2\/pages\/1053","targetHints":{"allow":["GET"]}}],"collection":[{"href":"https:\/\/www.omnia.com.gr\/fr\/wp-json\/wp\/v2\/pages"}],"about":[{"href":"https:\/\/www.omnia.com.gr\/fr\/wp-json\/wp\/v2\/types\/page"}],"author":[{"embeddable":true,"href":"https:\/\/www.omnia.com.gr\/fr\/wp-json\/wp\/v2\/users\/1"}],"replies":[{"embeddable":true,"href":"https:\/\/www.omnia.com.gr\/fr\/wp-json\/wp\/v2\/comments?post=1053"}],"version-history":[{"count":11,"href":"https:\/\/www.omnia.com.gr\/fr\/wp-json\/wp\/v2\/pages\/1053\/revisions"}],"predecessor-version":[{"id":1224,"href":"https:\/\/www.omnia.com.gr\/fr\/wp-json\/wp\/v2\/pages\/1053\/revisions\/1224"}],"wp:attachment":[{"href":"https:\/\/www.omnia.com.gr\/fr\/wp-json\/wp\/v2\/media?parent=1053"}],"curies":[{"name":"wp","href":"https:\/\/api.w.org\/{rel}","templated":true}]}}